{"id":6987,"date":"2023-05-10T17:48:17","date_gmt":"2023-05-10T17:48:17","guid":{"rendered":"https:\/\/www.marmahats.com\/?post_type=product&#038;p=6987"},"modified":"2026-04-21T17:15:48","modified_gmt":"2026-04-21T15:15:48","slug":"sombrero-noa","status":"publish","type":"product","link":"https:\/\/www.marmahats.com\/es\/producto\/sombrero-noa\/","title":{"rendered":"Sombrero Noa"},"content":{"rendered":"<p>Este impresionante sombrero de gamuza en color crudo se realza a\u00fan m\u00e1s con la adici\u00f3n de un hermoso cuarzo y un intrincado dise\u00f1o de pirograbado pintado en oro. El contraste de la gamuza p\u00e1lida contra el brillante dise\u00f1o dorado y el cuarzo resplandeciente crea un look lujoso y llamativo. La atenci\u00f3n al detalle es evidente en las l\u00edneas cuidadosamente grabadas y la colocaci\u00f3n impecable de la piedra preciosa.<\/p>\n<p>Por otro lado, se conoce al cuarzo transparente por sus propiedades metaf\u00edsicas, que incluyen la capacidad de amplificar la energ\u00eda, mejorar el enfoque y la claridad, promover el crecimiento espiritual y apoyar la sanaci\u00f3n emocional.<\/p>\n","protected":false},"excerpt":{"rendered":"<p>Este impresionante sombrero de gamuza en color crudo se realza a\u00fan m\u00e1s con la adici\u00f3n de un hermoso cuarzo y un intrincado dise\u00f1o de pirograbado pintado en oro. El contraste de la gamuza p\u00e1lida contra el brillante dise\u00f1o dorado y el cuarzo resplandeciente crea un look lujoso y llamativo. La atenci\u00f3n al detalle es evidente en las l\u00edneas cuidadosamente grabadas y la colocaci\u00f3n impecable de la piedra preciosa.<\/p>\n<p>Por otro lado, se conoce al cuarzo transparente por sus propiedades metaf\u00edsicas, que incluyen la capacidad de amplificar la energ\u00eda, mejorar el enfoque y la claridad, promover el crecimiento espiritual y apoyar la sanaci\u00f3n emocional.<\/p>\n","protected":false},"featured_media":6951,"comment_status":"open","ping_status":"closed","template":"","meta":[],"product_brand":[],"product_cat":[142,155],"product_tag":[],"class_list":{"0":"post-6987","1":"product","2":"type-product","3":"status-publish","4":"has-post-thumbnail","6":"product_cat-sombreros-gamuza","7":"product_cat-sombreros-pirograbados","9":"first","10":"instock","11":"taxable","12":"shipping-taxable","13":"purchasable","14":"product-type-variable","15":"has-default-attributes"},"supplier_id":null,"supplier_sku":"","barcode":null,"atum_controlled":true,"out_stock_date":null,"out_stock_threshold":null,"inheritable":true,"inbound_stock":0,"stock_on_hold":0,"sold_today":0,"sales_last_days":0,"reserved_stock":0,"customer_returns":0,"warehouse_damage":0,"lost_in_post":0,"other_logs":0,"out_stock_days":0,"lost_sales":0,"has_location":false,"update_date":"2026-05-13T00:39:47","atum_locations":[],"atum_stock_status":"instock","restock_status":false,"low_stock_amount":"","sales_update_date":"2026-05-13T00:39:47","calc_backorders":null,"jetpack_sharing_enabled":true,"_links":{"self":[{"href":"https:\/\/www.marmahats.com\/es\/wp-json\/wp\/v2\/product\/6987","targetHints":{"allow":["GET"]}}],"collection":[{"href":"https:\/\/www.marmahats.com\/es\/wp-json\/wp\/v2\/product"}],"about":[{"href":"https:\/\/www.marmahats.com\/es\/wp-json\/wp\/v2\/types\/product"}],"replies":[{"embeddable":true,"href":"https:\/\/www.marmahats.com\/es\/wp-json\/wp\/v2\/comments?post=6987"}],"wp:featuredmedia":[{"embeddable":true,"href":"https:\/\/www.marmahats.com\/es\/wp-json\/wp\/v2\/media\/6951"}],"wp:attachment":[{"href":"https:\/\/www.marmahats.com\/es\/wp-json\/wp\/v2\/media?parent=6987"}],"wp:term":[{"taxonomy":"product_brand","embeddable":true,"href":"https:\/\/www.marmahats.com\/es\/wp-json\/wp\/v2\/product_brand?post=6987"},{"taxonomy":"product_cat","embeddable":true,"href":"https:\/\/www.marmahats.com\/es\/wp-json\/wp\/v2\/product_cat?post=6987"},{"taxonomy":"product_tag","embeddable":true,"href":"https:\/\/www.marmahats.com\/es\/wp-json\/wp\/v2\/product_tag?post=6987"}],"curies":[{"name":"wp","href":"https:\/\/api.w.org\/{rel}","templated":true}]}}