{"id":44,"date":"2018-11-05T13:59:15","date_gmt":"2018-11-05T13:59:15","guid":{"rendered":"https:\/\/gioia.qodeinteractive.com\/?page_id=44"},"modified":"2025-05-07T17:59:35","modified_gmt":"2025-05-07T15:59:35","slug":"sobre-mi","status":"publish","type":"page","link":"https:\/\/www.marmahats.com\/es\/sobre-mi\/","title":{"rendered":"Sobre m\u00ed"},"content":{"rendered":"<section class=\"wpb-content-wrapper\"><p>[vc_row content_placement=\u00bbmiddle\u00bb][vc_column offset=\u00bbvc_col-lg-6 vc_col-md-12&#8243;]<div class=\"eltdf-elements-holder   eltdf-one-column  eltdf-responsive-mode-768 \" ><div class=\"eltdf-eh-item    \" style=\"background-image: url(https:\/\/www.marmahats.com\/wp-content\/uploads\/2023\/05\/mariana-martin-marma-hats.jpg)\" data-item-class=\"eltdf-eh-custom-6195\" data-1367-1600=\"117% 0px 0px 0px\" data-1025-1366=\"119% 0px 0px 0px\" data-769-1024=\"98% 0px 0px 0px\" data-681-768=\"102% 0px 0px 0px\" data-680=\"100% 0px 0px 0px\">\n\t<div class=\"eltdf-eh-item-inner\">\n\t\t<div class=\"eltdf-eh-item-content eltdf-eh-custom-6195\" style=\"padding: 99% 0px 0px 0px\">\n\t\t\t\t\t<\/div>\n\t<\/div>\n<\/div><\/div>[\/vc_column][vc_column offset=\u00bbvc_col-lg-6 vc_col-md-12&#8243;]<div class=\"eltdf-elements-holder   eltdf-one-column  eltdf-responsive-mode-768 \" ><div class=\"eltdf-eh-item    \"  data-item-class=\"eltdf-eh-custom-2389\" data-1367-1600=\"14.1% 18% 0px 12.8%\" data-1025-1366=\"13.5% 15% 0px 11.8%\" data-769-1024=\"9% 37% 0px 12.8%\" data-681-768=\"10% 24% 0px 14.8%\" data-680=\"13px 9% 0px 9%\">\n\t<div class=\"eltdf-eh-item-inner\">\n\t\t<div class=\"eltdf-eh-item-content eltdf-eh-custom-2389\" style=\"padding: 0px 35% 0px 14.8%\">\n\t\t\t<h4 class=\"eltdf-custom-font-holder  eltdf-cf-2806  \" style=\"text-transform: capitalize;color: #e08686\" data-item-class=\"eltdf-cf-2806\">\n\tFounder<\/h4><h2 class=\"eltdf-custom-font-holder  eltdf-cf-5748  \" style=\"margin: -34px 0px 0px 0px\" data-item-class=\"eltdf-cf-5748\">\n\tMariana Mart\u00edn<\/h2>[vc_empty_space height=\u00bb22px\u00bb][vc_separator color=\u00bbwhite\u00bb align=\u00bbalign_left\u00bb style=\u00bbdotted\u00bb el_width=\u00bb60&#8243; el_class=\u00bbeltdf-dotted-border-bottom-black\u00bb][vc_empty_space height=\u00bb17px\u00bb][vc_column_text]Soy Mariana Mart\u00edn, fundadora, dise\u00f1adora y directora creativa de Marma Hats.[\/vc_column_text][vc_column_text]<\/p>\n<p class=\"\" data-start=\"227\" data-end=\"560\">La marca naci\u00f3 en 2021 en Ibiza, inspirada por la energ\u00eda \u00fanica de la isla y el deseo de crear piezas atemporales que fusionen elegancia y personalidad. Desde entonces, Marma ha crecido de forma org\u00e1nica y hoy est\u00e1 presente en Tulum, Dub\u00e1i, Miami y Austria, manteniendo siempre su esencia artesanal y su enfoque en el dise\u00f1o cuidado.<\/p>\n<p class=\"\" data-start=\"562\" data-end=\"763\">Cada sombrero refleja mi pasi\u00f3n por los detalles, los materiales de calidad y la libertad creativa. Para m\u00ed, Marma no es solo una marca, sino una forma de expresi\u00f3n: sencilla, aut\u00e9ntica y con car\u00e1cter.<\/p>\n<p class=\"\" data-start=\"765\" data-end=\"804\">Gracias por formar parte de este viaje.<\/p>\n<p>[\/vc_column_text][vc_empty_space height=\u00bb14px\u00bb][vc_column_text]<span style=\"font-family: Barlow Condensed; font-size: 19px; font-weight: 500; line-height: 22px; color: #e08686;\">INSTAGRAM\u00a0 \u00a0<\/span><a href=\"https:\/\/www.instagram.com\/marma_hats\/\" target=\"_blank\" rel=\"noopener noreferrer\"><span style=\"font-family: Heebo; font-size: 13px; font-weight: 400; line-height: 22px;\">@marma_hats<\/span><\/a>[\/vc_column_text]\t\t<\/div>\n\t<\/div>\n<\/div><\/div><div class=\"eltdf-elements-holder   eltdf-one-column  eltdf-responsive-mode-768 \" ><div class=\"eltdf-eh-item    \"  data-item-class=\"eltdf-eh-custom-3001\" data-769-1024=\"43px 35% 11.7% 10.6%\" data-681-768=\"43px 35% 79px 10.6%\" data-680=\"43px 35% 52px 5.6%\">\n\t<div class=\"eltdf-eh-item-inner\">\n\t\t<div class=\"eltdf-eh-item-content eltdf-eh-custom-3001\" style=\"padding: 43px 35% 0px 10.6%\">\n\t\t\t<div class=\"eltdf-single-image-holder   \">\n    <div class=\"eltdf-si-inner\" >\n                                                            <\/div>\n\t\t\t<div class=\"eltdf-single-image-caption\"><\/div>\n\t<\/div>\t\t<\/div>\n\t<\/div>\n<\/div><\/div>[\/vc_column][\/vc_row]<\/p>\n<\/section>","protected":false},"excerpt":{"rendered":"<p>[vc_row content_placement=\u00bbmiddle\u00bb][vc_column offset=\u00bbvc_col-lg-6 vc_col-md-12&#8243;][\/vc_column][vc_column offset=\u00bbvc_col-lg-6 vc_col-md-12&#8243;][\/vc_column][\/vc_row]<\/p>\n","protected":false},"author":1,"featured_media":0,"parent":0,"menu_order":0,"comment_status":"closed","ping_status":"closed","template":"full-width.php","meta":{"footnotes":""},"class_list":["post-44","page","type-page","status-publish","hentry"],"jetpack_sharing_enabled":true,"_links":{"self":[{"href":"https:\/\/www.marmahats.com\/es\/wp-json\/wp\/v2\/pages\/44","targetHints":{"allow":["GET"]}}],"collection":[{"href":"https:\/\/www.marmahats.com\/es\/wp-json\/wp\/v2\/pages"}],"about":[{"href":"https:\/\/www.marmahats.com\/es\/wp-json\/wp\/v2\/types\/page"}],"author":[{"embeddable":true,"href":"https:\/\/www.marmahats.com\/es\/wp-json\/wp\/v2\/users\/1"}],"replies":[{"embeddable":true,"href":"https:\/\/www.marmahats.com\/es\/wp-json\/wp\/v2\/comments?post=44"}],"version-history":[{"count":6,"href":"https:\/\/www.marmahats.com\/es\/wp-json\/wp\/v2\/pages\/44\/revisions"}],"predecessor-version":[{"id":11846,"href":"https:\/\/www.marmahats.com\/es\/wp-json\/wp\/v2\/pages\/44\/revisions\/11846"}],"wp:attachment":[{"href":"https:\/\/www.marmahats.com\/es\/wp-json\/wp\/v2\/media?parent=44"}],"curies":[{"name":"wp","href":"https:\/\/api.w.org\/{rel}","templated":true}]}}